{"id":2624,"date":"2024-10-31T00:25:44","date_gmt":"2024-10-31T00:25:44","guid":{"rendered":"https:\/\/dataguild.fi\/?page_id=2624"},"modified":"2025-10-10T15:01:07","modified_gmt":"2025-10-10T15:01:07","slug":"fuksis","status":"publish","type":"page","link":"https:\/\/dataguild.fi\/index.php\/fuksis\/","title":{"rendered":"Fuksis"},"content":{"rendered":"\n<h2 class=\"wp-block-heading\">Captain&#8217;s greetings<\/h2>\n\n\n\n<p><strong>Hello and a warm welcome to Data Guild!<\/strong><\/p>\n\n\n\n<p>I&#8217;m Ojaswi Tyagi, your Fuksi Captain, and I&#8217;m absolutely thrilled to be part of your journey as you kick off this exciting new chapter at Aalto University and Data Guild. My job is to make sure your first year as a Fuksi (freshman) is as smooth, fun, and memorable as possible!<\/p>\n\n\n\n<p>Joining me is Magnus John Greig, our amazing Tutor Coordinator, along with an enthusiastic team of tutors who are all here to support you every step of the way.<\/p>\n\n\n\n<p>This page is your go to place for key information to help you get settled into university life. <\/p>\n\n\n\n<p>See you soon!<\/p>\n\n\n\n<p>If you have any questions hit me up on telegram @<a href=\"https:\/\/t.me\/DataDaddy\" target=\"_blank\" rel=\"noreferrer noopener\">DataDaddy<\/a> or email&nbsp;<a href=\"mailto:rainer.ruuskanen@dataguild.fi\" target=\"_blank\" rel=\"noreferrer noopener\">fuksi.captain@dataguild.fi<\/a><\/p>\n\n\n\n<div class=\"wp-block-cover aligncenter\" style=\"min-height:408px;aspect-ratio:unset;\"><img loading=\"lazy\" decoding=\"async\" width=\"724\" height=\"1024\" class=\"wp-block-cover__image-background wp-image-3019\" alt=\"\" src=\"https:\/\/dataguild.fi\/wp-content\/uploads\/2025\/07\/first-page_page-0001-724x1024.jpg\" data-object-fit=\"cover\" srcset=\"https:\/\/dataguild.fi\/wp-content\/uploads\/2025\/07\/first-page_page-0001-724x1024.jpg 724w, https:\/\/dataguild.fi\/wp-content\/uploads\/2025\/07\/first-page_page-0001-212x300.jpg 212w, https:\/\/dataguild.fi\/wp-content\/uploads\/2025\/07\/first-page_page-0001-768x1086.jpg 768w, https:\/\/dataguild.fi\/wp-content\/uploads\/2025\/07\/first-page_page-0001-1086x1536.jpg 1086w, https:\/\/dataguild.fi\/wp-content\/uploads\/2025\/07\/first-page_page-0001.jpg 1241w\" sizes=\"auto, (max-width: 724px) 100vw, 724px\" \/><span aria-hidden=\"true\" class=\"wp-block-cover__background has-background-dim\"><\/span><div class=\"wp-block-cover__inner-container is-layout-flow wp-block-cover-is-layout-flow\">\n<p><\/p>\n\n\n\n<p><\/p>\n\n\n\n<p><\/p>\n\n\n\n<p><\/p>\n\n\n\n<p><\/p>\n\n\n\n<h3 class=\"wp-block-heading\">Fuksi guide<\/h3>\n\n\n\n<p>Curious about what to expect during your first year? <\/p>\n\n\n\n<p>In this Freshman Guide, you&#8217;ll find all the essential information to help you settle into university life, everything from academics to student culture, and all the wonderful things that Aalto has to offer. If you&#8217;re busy and short on time, I strongly recommend reviewing the checklist and exploring the key links provided, they\u2019re packed with must know info.<\/p>\n\n\n\n<div class=\"wp-block-buttons is-layout-flex wp-block-buttons-is-layout-flex\">\n<div class=\"wp-block-button\"><a class=\"wp-block-button__link wp-element-button\" href=\"https:\/\/dataguild.fi\/wp-content\/uploads\/2025\/07\/online-version-final.pdf\">Read it!<\/a><\/div>\n<\/div>\n\n\n\n<p><\/p>\n\n\n\n<p><\/p>\n\n\n\n<p><\/p>\n\n\n\n<p><\/p>\n\n\n\n<p><\/p>\n\n\n\n<p><\/p>\n\n\n\n<p><\/p>\n<\/div><\/div>\n\n\n\n<figure class=\"wp-block-image size-full wp-duotone-rgb249249249-rgba2042042040-1\"><img loading=\"lazy\" decoding=\"async\" width=\"200\" height=\"200\" src=\"https:\/\/dataguild.fi\/wp-content\/uploads\/2025\/10\/Columbia_road_logo.jpeg\" alt=\"Columbia_road_logo\" class=\"wp-image-3076\" srcset=\"https:\/\/dataguild.fi\/wp-content\/uploads\/2025\/10\/Columbia_road_logo.jpeg 200w, https:\/\/dataguild.fi\/wp-content\/uploads\/2025\/10\/Columbia_road_logo-150x150.jpeg 150w\" sizes=\"auto, (max-width: 200px) 100vw, 200px\" \/><\/figure>\n\n\n\n<div style=\"height:50px\" aria-hidden=\"true\" class=\"wp-block-spacer\"><\/div>\n\n\n\n<h2 class=\"wp-block-heading\">Useful links<\/h2>\n\n\n<div class=\"wp-block-ub-content-toggle wp-block-ub-content-toggle-block\" id=\"ub-content-toggle-block-be5ff8b9-af7a-49f3-a101-4848654bc02c\" data-mobilecollapse=\"true\" data-desktopcollapse=\"true\" data-preventcollapse=\"false\" data-showonlyone=\"false\">\n<div class=\"wp-block-ub-content-toggle-accordion\" style=\"border-color: var(--ast-global-color-6);\" id=\"ub-content-toggle-panel-block-bdb75189-f92a-4151-84ab-9478967d17fe\">\n\t\t\t<div class=\"wp-block-ub-content-toggle-accordion-title-wrap\" style=\"background-color: var(--ast-global-color-6);\" aria-controls=\"ub-content-toggle-panel-0-be5ff8b9-af7a-49f3-a101-4848654bc02c\" tabindex=\"0\">\n\t\t\t<h3 class=\"wp-block-ub-content-toggle-accordion-title ub-content-toggle-title-be5ff8b9-af7a-49f3-a101-4848654bc02c\" style=\"color: #f9f9f9; \">Telegram groups<\/h3>\n\t\t\t<div class=\"wp-block-ub-content-toggle-accordion-toggle-wrap right\" style=\"color: #f9f9f9;\"><span class=\"wp-block-ub-content-toggle-accordion-state-indicator wp-block-ub-math-plus\"><\/span><\/div>\n\t\t<\/div>\n\t\t\t<div role=\"region\" aria-expanded=\"false\" class=\"wp-block-ub-content-toggle-accordion-content-wrap ub-hide\" id=\"ub-content-toggle-panel-0-be5ff8b9-af7a-49f3-a101-4848654bc02c\">\n\n<p><a href=\"https:\/\/t.me\/+M56IWI1ihCxjZWU8\" target=\"_blank\" rel=\"noreferrer noopener\">ETCo info channel<\/a><br><a href=\"https:\/\/t.me\/aaltointernational\" target=\"_blank\" rel=\"noreferrer noopener\">Aalto International<\/a><br><a href=\"https:\/\/t.me\/otaniemi\" target=\"_blank\" rel=\"noreferrer noopener\">#otaniemi<\/a><br><a href=\"https:\/\/t.me\/annetaantavaraa\" target=\"_blank\" rel=\"noreferrer noopener\">Free stuff Otaniemi<\/a><br><a href=\"https:\/\/t.me\/foodl123\" target=\"_blank\" rel=\"noreferrer noopener\">Food giveaway Otaniemi<\/a><br><a href=\"https:\/\/t.me\/aaltomarketplace\" target=\"_blank\" rel=\"noreferrer noopener\">Otaniemi buy\/sell<\/a><\/p>\n\n<\/div>\n\t\t<\/div>\n\n<div class=\"wp-block-ub-content-toggle-accordion\" style=\"border-color: var(--ast-global-color-6);\" id=\"ub-content-toggle-panel-block-bdb75189-f92a-4151-84ab-9478967d17fe\">\n\t\t\t<div class=\"wp-block-ub-content-toggle-accordion-title-wrap\" style=\"background-color: var(--ast-global-color-6);\" aria-controls=\"ub-content-toggle-panel-1-be5ff8b9-af7a-49f3-a101-4848654bc02c\" tabindex=\"0\">\n\t\t\t<h3 class=\"wp-block-ub-content-toggle-accordion-title ub-content-toggle-title-be5ff8b9-af7a-49f3-a101-4848654bc02c\" style=\"color: #f9f9f9; \">Studies<\/h3>\n\t\t\t<div class=\"wp-block-ub-content-toggle-accordion-toggle-wrap right\" style=\"color: #f9f9f9;\"><span class=\"wp-block-ub-content-toggle-accordion-state-indicator wp-block-ub-math-plus\"><\/span><\/div>\n\t\t<\/div>\n\t\t\t<div role=\"region\" aria-expanded=\"false\" class=\"wp-block-ub-content-toggle-accordion-content-wrap ub-hide\" id=\"ub-content-toggle-panel-1-be5ff8b9-af7a-49f3-a101-4848654bc02c\">\n\n<p><a href=\"https:\/\/www.aalto.fi\/en\/programmes\/aalto-bachelors-programme-in-science-and-technology\/curriculum-2024-2026#16-data-science\">Data Science Curriculum<\/a>                                                                         <a href=\"https:\/\/www.aalto.fi\/en\/student-guide\" target=\"_blank\" rel=\"noreferrer noopener\">Student guide<\/a>                                                                                                      <br><a href=\"https:\/\/oili.csc.fi\/?lang=en\" target=\"_blank\" rel=\"noreferrer noopener\">Annual enrollment<\/a>\u00a0(Oili)<br><a href=\"https:\/\/sisu.aalto.fi\/\" target=\"_blank\" rel=\"noreferrer noopener\">Course registrations<\/a>\u00a0(Sisu)<br><a href=\"https:\/\/mycourses.aalto.fi\/\" target=\"_blank\" rel=\"noreferrer noopener\">Courses and their materials<\/a>\u00a0(MyCourses)<br><a href=\"https:\/\/www.tenttiarkisto.fi\/\" target=\"_blank\" rel=\"noreferrer noopener\">Past exams<\/a>\u00a0(Tenttiarkisto)<br><a href=\"https:\/\/mystudies.aalto.fi\/\" target=\"_blank\" rel=\"noreferrer noopener\">Find and contact your study support team<\/a>\u00a0(MyStudies)<br><a href=\"https:\/\/www.aalto.fi\/en\/study-at-aalto\/starting-point-of-wellbeing\" target=\"_blank\" rel=\"noreferrer noopener\">Starting Point of Wellbeing<\/a><\/p>\n\n<\/div>\n\t\t<\/div>\n\n<div class=\"wp-block-ub-content-toggle-accordion\" style=\"border-color: var(--ast-global-color-6);\" id=\"ub-content-toggle-panel-block-bdb75189-f92a-4151-84ab-9478967d17fe\">\n\t\t\t<div class=\"wp-block-ub-content-toggle-accordion-title-wrap\" style=\"background-color: var(--ast-global-color-6);\" aria-controls=\"ub-content-toggle-panel-2-be5ff8b9-af7a-49f3-a101-4848654bc02c\" tabindex=\"0\">\n\t\t\t<h3 class=\"wp-block-ub-content-toggle-accordion-title ub-content-toggle-title-be5ff8b9-af7a-49f3-a101-4848654bc02c\" style=\"color: #f9f9f9; \">Coming to Finland<\/h3>\n\t\t\t<div class=\"wp-block-ub-content-toggle-accordion-toggle-wrap right\" style=\"color: #f9f9f9;\"><span class=\"wp-block-ub-content-toggle-accordion-state-indicator wp-block-ub-math-plus\"><\/span><\/div>\n\t\t<\/div>\n\t\t\t<div role=\"region\" aria-expanded=\"false\" class=\"wp-block-ub-content-toggle-accordion-content-wrap ub-hide\" id=\"ub-content-toggle-panel-2-be5ff8b9-af7a-49f3-a101-4848654bc02c\">\n\n<p><a href=\"https:\/\/www.infofinland.fi\/en\" target=\"_blank\" rel=\"noreferrer noopener\">InfoFinland<\/a><br><a href=\"https:\/\/migri.fi\/en\/home\" target=\"_blank\" rel=\"noreferrer noopener\">Finnish Immigration Service<\/a> (Maahanmuuttovirasto, Migri)<br><a href=\"https:\/\/dvv.fi\/en\/individuals\" target=\"_blank\" rel=\"noreferrer noopener\">Digital and Population Data Services Agency<\/a> (Digi- ja v\u00e4est\u00f6tietovirasto, DVV)<\/p>\n\n<\/div>\n\t\t<\/div>\n\n<div class=\"wp-block-ub-content-toggle-accordion\" style=\"border-color: var(--ast-global-color-6);\" id=\"ub-content-toggle-panel-block-bdb75189-f92a-4151-84ab-9478967d17fe\">\n\t\t\t<div class=\"wp-block-ub-content-toggle-accordion-title-wrap\" style=\"background-color: var(--ast-global-color-6);\" aria-controls=\"ub-content-toggle-panel-3-be5ff8b9-af7a-49f3-a101-4848654bc02c\" tabindex=\"0\">\n\t\t\t<h3 class=\"wp-block-ub-content-toggle-accordion-title ub-content-toggle-title-be5ff8b9-af7a-49f3-a101-4848654bc02c\" style=\"color: #f9f9f9; \">Housing<\/h3>\n\t\t\t<div class=\"wp-block-ub-content-toggle-accordion-toggle-wrap right\" style=\"color: #f9f9f9;\"><span class=\"wp-block-ub-content-toggle-accordion-state-indicator wp-block-ub-math-plus\"><\/span><\/div>\n\t\t<\/div>\n\t\t\t<div role=\"region\" aria-expanded=\"false\" class=\"wp-block-ub-content-toggle-accordion-content-wrap ub-hide\" id=\"ub-content-toggle-panel-3-be5ff8b9-af7a-49f3-a101-4848654bc02c\">\n\n<p><a href=\"https:\/\/www.ayy.fi\/en\/housing\" target=\"_blank\" rel=\"noreferrer noopener\">Aalto University Student Union housing<\/a> (Aalto-yliopiston ylioppilaskunta, AYY)<br><a href=\"https:\/\/hoas.fi\/en\/\" target=\"_blank\" rel=\"noreferrer noopener\">Foundation for Student Housing in the Helsinki Region<\/a> (Helsingin seudun opiskelija-asuntos\u00e4\u00e4ti\u00f6, HOAS)<br><a href=\"https:\/\/asunnot.oikotie.fi\/\" target=\"_blank\" rel=\"noreferrer noopener\">Private housing<\/a><\/p>\n\n<\/div>\n\t\t<\/div>\n\n<div class=\"wp-block-ub-content-toggle-accordion\" style=\"border-color: var(--ast-global-color-6);\" id=\"ub-content-toggle-panel-block-bdb75189-f92a-4151-84ab-9478967d17fe\">\n\t\t\t<div class=\"wp-block-ub-content-toggle-accordion-title-wrap\" style=\"background-color: var(--ast-global-color-6);\" aria-controls=\"ub-content-toggle-panel-4-be5ff8b9-af7a-49f3-a101-4848654bc02c\" tabindex=\"0\">\n\t\t\t<h3 class=\"wp-block-ub-content-toggle-accordion-title ub-content-toggle-title-be5ff8b9-af7a-49f3-a101-4848654bc02c\" style=\"color: #f9f9f9; \">Transportation<\/h3>\n\t\t\t<div class=\"wp-block-ub-content-toggle-accordion-toggle-wrap right\" style=\"color: #f9f9f9;\"><span class=\"wp-block-ub-content-toggle-accordion-state-indicator wp-block-ub-math-plus\"><\/span><\/div>\n\t\t<\/div>\n\t\t\t<div role=\"region\" aria-expanded=\"false\" class=\"wp-block-ub-content-toggle-accordion-content-wrap ub-hide\" id=\"ub-content-toggle-panel-4-be5ff8b9-af7a-49f3-a101-4848654bc02c\">\n\n<p><a href=\"https:\/\/www.hsl.fi\/en\" target=\"_blank\" rel=\"noreferrer noopener\">Helsinki Regional Transport Authority<\/a> (Helsingin seudun liikenne, HSL)<br><a href=\"https:\/\/www.vr.fi\/en\" target=\"_blank\" rel=\"noreferrer noopener\">VR<\/a><br><a href=\"https:\/\/www.matkahuolto.fi\/en\" target=\"_blank\" rel=\"noreferrer noopener\">Matkahuolto<\/a><br><a href=\"https:\/\/www.onnibus.com\/home\" target=\"_blank\" rel=\"noreferrer noopener\">OnniBus<\/a><\/p>\n\n<\/div>\n\t\t<\/div>\n\n<div class=\"wp-block-ub-content-toggle-accordion\" style=\"border-color: var(--ast-global-color-6);\" id=\"ub-content-toggle-panel-block-bdb75189-f92a-4151-84ab-9478967d17fe\">\n\t\t\t<div class=\"wp-block-ub-content-toggle-accordion-title-wrap\" style=\"background-color: var(--ast-global-color-6);\" aria-controls=\"ub-content-toggle-panel-5-be5ff8b9-af7a-49f3-a101-4848654bc02c\" tabindex=\"0\">\n\t\t\t<h3 class=\"wp-block-ub-content-toggle-accordion-title ub-content-toggle-title-be5ff8b9-af7a-49f3-a101-4848654bc02c\" style=\"color: #f9f9f9; \">Healthcare and wellbeing<\/h3>\n\t\t\t<div class=\"wp-block-ub-content-toggle-accordion-toggle-wrap right\" style=\"color: #f9f9f9;\"><span class=\"wp-block-ub-content-toggle-accordion-state-indicator wp-block-ub-math-plus\"><\/span><\/div>\n\t\t<\/div>\n\t\t\t<div role=\"region\" aria-expanded=\"false\" class=\"wp-block-ub-content-toggle-accordion-content-wrap ub-hide\" id=\"ub-content-toggle-panel-5-be5ff8b9-af7a-49f3-a101-4848654bc02c\">\n\n<p><a href=\"https:\/\/kela.fi\/en\" target=\"_blank\" rel=\"noreferrer noopener\">The Social Insurance Institution<\/a> (Kansanel\u00e4kelaitos, Kela)<br><a href=\"https:\/\/www.yths.fi\/en\/frontpage\/\" target=\"_blank\" rel=\"noreferrer noopener\">Finnish Student Health Service, FSHS<\/a> (Ylioppilaiden terveydenhuoltos\u00e4\u00e4ti\u00f6, YTHS)<br><a href=\"https:\/\/www.unisport.fi\/en\" target=\"_blank\" rel=\"noreferrer noopener\">UniSport<\/a><\/p>\n\n<\/div>\n\t\t<\/div>\n\n<div class=\"wp-block-ub-content-toggle-accordion\" style=\"border-color: var(--ast-global-color-6);\" id=\"ub-content-toggle-panel-block-bdb75189-f92a-4151-84ab-9478967d17fe\">\n\t\t\t<div class=\"wp-block-ub-content-toggle-accordion-title-wrap\" style=\"background-color: var(--ast-global-color-6);\" aria-controls=\"ub-content-toggle-panel-6-be5ff8b9-af7a-49f3-a101-4848654bc02c\" tabindex=\"0\">\n\t\t\t<h3 class=\"wp-block-ub-content-toggle-accordion-title ub-content-toggle-title-be5ff8b9-af7a-49f3-a101-4848654bc02c\" style=\"color: #f9f9f9; \">Food<\/h3>\n\t\t\t<div class=\"wp-block-ub-content-toggle-accordion-toggle-wrap right\" style=\"color: #f9f9f9;\"><span class=\"wp-block-ub-content-toggle-accordion-state-indicator wp-block-ub-math-plus\"><\/span><\/div>\n\t\t<\/div>\n\t\t\t<div role=\"region\" aria-expanded=\"false\" class=\"wp-block-ub-content-toggle-accordion-content-wrap ub-hide\" id=\"ub-content-toggle-panel-6-be5ff8b9-af7a-49f3-a101-4848654bc02c\">\n\n<p><a href=\"https:\/\/kanttiinit.fi\/\" target=\"_blank\" rel=\"noreferrer noopener\">Campus restaurant menus<\/a> (Kanttiinit)<\/p>\n\n<\/div>\n\t\t<\/div>\n\n<div class=\"wp-block-ub-content-toggle-accordion\" style=\"border-color: var(--ast-global-color-6);\" id=\"ub-content-toggle-panel-block-bdb75189-f92a-4151-84ab-9478967d17fe\">\n\t\t\t<div class=\"wp-block-ub-content-toggle-accordion-title-wrap\" style=\"background-color: var(--ast-global-color-6);\" aria-controls=\"ub-content-toggle-panel-7-be5ff8b9-af7a-49f3-a101-4848654bc02c\" tabindex=\"0\">\n\t\t\t<h3 class=\"wp-block-ub-content-toggle-accordion-title ub-content-toggle-title-be5ff8b9-af7a-49f3-a101-4848654bc02c\" style=\"color: #f9f9f9; \">Apps<\/h3>\n\t\t\t<div class=\"wp-block-ub-content-toggle-accordion-toggle-wrap right\" style=\"color: #f9f9f9;\"><span class=\"wp-block-ub-content-toggle-accordion-state-indicator wp-block-ub-math-plus\"><\/span><\/div>\n\t\t<\/div>\n\t\t\t<div role=\"region\" aria-expanded=\"false\" class=\"wp-block-ub-content-toggle-accordion-content-wrap ub-hide\" id=\"ub-content-toggle-panel-7-be5ff8b9-af7a-49f3-a101-4848654bc02c\">\n\n<p>Frank, student card app (<a href=\"https:\/\/apps.apple.com\/app\/id1117778769\" target=\"_blank\" rel=\"noreferrer noopener\">App Store<\/a>, <a href=\"https:\/\/play.google.com\/store\/apps\/details?id=fi.frankstudents.frankapp\" target=\"_blank\" rel=\"noreferrer noopener\">Google play<\/a>)<br>HSL (<a href=\"https:\/\/itunes.apple.com\/fi\/app\/apple-store\/id1340229182?pt=118087532&amp;ct=hsl.fi-sovellus&amp;mt=8&amp;l=fi\" target=\"_blank\" rel=\"noreferrer noopener\">App Store<\/a>, <a href=\"https:\/\/play.google.com\/store\/apps\/details?id=fi.hsl.app&amp;referrer=utm_source%3Dsovellus%26utm_medium%3Dreferral%26utm_campaign%3Dhsl.fi%26anid%3Dadmob\" target=\"_blank\" rel=\"noreferrer noopener\">Google play<\/a>)<br>MobilePay (<a href=\"https:\/\/apps.apple.com\/fi\/app\/mobilepay\/id768172577?l=fi\" target=\"_blank\" rel=\"noreferrer noopener\">App Store<\/a>, <a href=\"https:\/\/play.google.com\/store\/apps\/details?id=fi.danskebank.mobilepay\">Google play<\/a>)<br>Kide.app (<a href=\"https:\/\/apps.apple.com\/app\/id1173353681\" target=\"_blank\" rel=\"noreferrer noopener\">App Store<\/a>, <a href=\"https:\/\/play.google.com\/store\/apps\/details?id=com.treanglo.bailataan\" target=\"_blank\" rel=\"noreferrer noopener\">Google play<\/a>)<br>Telegram (<a href=\"https:\/\/itunes.apple.com\/app\/telegram-messenger\/id686449807\">App Store<\/a>, <a href=\"https:\/\/play.google.com\/store\/apps\/details?id=org.telegram.messenger&amp;pli=1\">Google play<\/a>)<br>Aalto Space (<a href=\"https:\/\/itunes.apple.com\/fi\/app\/aalto-space\/id1144034903?mt=8\">App Store<\/a>, <a href=\"https:\/\/play.google.com\/store\/apps\/details?id=fi.aalto.aaltospace\">Google play<\/a>)<\/p>\n\n<\/div>\n\t\t<\/div>\n<\/div>","protected":false},"excerpt":{"rendered":"<p>Captain&#8217;s greetings Hello and a warm welcome to Data Guild! I&#8217;m Ojaswi Tyagi, your Fuksi Captain, and I&#8217;m absolutely thrilled to be part of your journey as you kick off this exciting new chapter at Aalto University and Data Guild. My job is to make sure your first year as a Fuksi (freshman) is as [&hellip;]<\/p>\n","protected":false},"author":2,"featured_media":0,"parent":0,"menu_order":0,"comment_status":"closed","ping_status":"closed","template":"","meta":{"ub_ctt_via":"","footnotes":""},"class_list":["post-2624","page","type-page","status-publish","hentry"],"featured_image_src":null,"_links":{"self":[{"href":"https:\/\/dataguild.fi\/index.php\/wp-json\/wp\/v2\/pages\/2624","targetHints":{"allow":["GET"]}}],"collection":[{"href":"https:\/\/dataguild.fi\/index.php\/wp-json\/wp\/v2\/pages"}],"about":[{"href":"https:\/\/dataguild.fi\/index.php\/wp-json\/wp\/v2\/types\/page"}],"author":[{"embeddable":true,"href":"https:\/\/dataguild.fi\/index.php\/wp-json\/wp\/v2\/users\/2"}],"replies":[{"embeddable":true,"href":"https:\/\/dataguild.fi\/index.php\/wp-json\/wp\/v2\/comments?post=2624"}],"version-history":[{"count":19,"href":"https:\/\/dataguild.fi\/index.php\/wp-json\/wp\/v2\/pages\/2624\/revisions"}],"predecessor-version":[{"id":3078,"href":"https:\/\/dataguild.fi\/index.php\/wp-json\/wp\/v2\/pages\/2624\/revisions\/3078"}],"wp:attachment":[{"href":"https:\/\/dataguild.fi\/index.php\/wp-json\/wp\/v2\/media?parent=2624"}],"curies":[{"name":"wp","href":"https:\/\/api.w.org\/{rel}","templated":true}]}}