{"id":903,"date":"2022-08-23T23:43:23","date_gmt":"2022-08-23T20:43:23","guid":{"rendered":"https:\/\/dataguild.otax.fi\/?page_id=903"},"modified":"2026-01-22T21:18:02","modified_gmt":"2026-01-22T21:18:02","slug":"boards-and-officials-archive","status":"publish","type":"page","link":"https:\/\/dataguild.fi\/index.php\/boards-and-officials-archive\/","title":{"rendered":"Boards and Officials Archive"},"content":{"rendered":"\n<p><\/p>\n\n\n<div class=\"wp-block-ub-content-toggle wp-block-ub-content-toggle-block\" id=\"ub-content-toggle-block-2494d9d3-2be9-46f7-a194-4b452ade60ec\" data-mobilecollapse=\"true\" data-desktopcollapse=\"true\" data-preventcollapse=\"false\" data-showonlyone=\"false\">\n<div class=\"wp-block-ub-content-toggle-accordion\" style=\"border-color: var(--ast-global-color-6);\" id=\"ub-content-toggle-panel-block-\">\n\t\t\t<div class=\"wp-block-ub-content-toggle-accordion-title-wrap\" style=\"background-color: var(--ast-global-color-6);\" aria-controls=\"ub-content-toggle-panel-0-2494d9d3-2be9-46f7-a194-4b452ade60ec\" tabindex=\"0\">\n\t\t\t<h2 class=\"wp-block-ub-content-toggle-accordion-title ub-content-toggle-title-2494d9d3-2be9-46f7-a194-4b452ade60ec\" style=\"color: #f9f9f9; \">2025<\/h2>\n\t\t\t<div class=\"wp-block-ub-content-toggle-accordion-toggle-wrap right\" style=\"color: #f9f9f9;\"><span class=\"wp-block-ub-content-toggle-accordion-state-indicator wp-block-ub-math-plus\"><\/span><\/div>\n\t\t<\/div>\n\t\t\t<div role=\"region\" aria-expanded=\"false\" class=\"wp-block-ub-content-toggle-accordion-content-wrap ub-hide\" id=\"ub-content-toggle-panel-0-2494d9d3-2be9-46f7-a194-4b452ade60ec\"><\/div>\n\t\t<\/div>\n\n<div class=\"wp-block-ub-content-toggle-accordion\" style=\"border-color: var(--ast-global-color-6);\" id=\"ub-content-toggle-panel-block-\">\n\t\t\t<div class=\"wp-block-ub-content-toggle-accordion-title-wrap\" style=\"background-color: var(--ast-global-color-6);\" aria-controls=\"ub-content-toggle-panel-1-2494d9d3-2be9-46f7-a194-4b452ade60ec\" tabindex=\"0\">\n\t\t\t<h2 class=\"wp-block-ub-content-toggle-accordion-title ub-content-toggle-title-2494d9d3-2be9-46f7-a194-4b452ade60ec\" style=\"color: #f9f9f9; \">2024<\/h2>\n\t\t\t<div class=\"wp-block-ub-content-toggle-accordion-toggle-wrap right\" style=\"color: #f9f9f9;\"><span class=\"wp-block-ub-content-toggle-accordion-state-indicator wp-block-ub-math-plus\"><\/span><\/div>\n\t\t<\/div>\n\t\t\t<div role=\"region\" aria-expanded=\"false\" class=\"wp-block-ub-content-toggle-accordion-content-wrap ub-hide\" id=\"ub-content-toggle-panel-1-2494d9d3-2be9-46f7-a194-4b452ade60ec\">\n\n<h3 class=\"wp-block-heading\">Board<\/h3>\n\n\n\n<div class=\"wp-block-columns is-layout-flex wp-container-core-columns-is-layout-28f84493 wp-block-columns-is-layout-flex\">\n<div class=\"wp-block-column is-layout-flow wp-block-column-is-layout-flow\">\n<p><strong>Chair<\/strong> Christian Guidikov<br><strong>Vice Chair<\/strong> Lassi Malvikko<br><strong>Treasurer <\/strong>B\u00e1ch Ph\u1ea1m<br><strong>Secretary\u00a0<\/strong>Anna Sihvonen<br><strong>Publicist<\/strong> Khanh Hoang<br><strong>Head of Corporate Relations<\/strong> An Binh Bui<\/p>\n<\/div>\n\n\n\n<div class=\"wp-block-column is-layout-flow wp-block-column-is-layout-flow\">\n<p><strong>Study Coordinator<\/strong> Fathima Afrooz<br><strong>Fuksi Captain<\/strong> Tony Heinola<br><strong>Is\u00e4nt\u00e4<\/strong> Selin Taskin<br><strong>Em\u00e4nt\u00e4<\/strong> Katsuya Kurosawa<br><strong>Master of Culture<\/strong> Pranava Varshan<br><strong>Board Godparent<\/strong> Ojaswi Tyagi<\/p>\n<\/div>\n<\/div>\n\n\n\n<h3 class=\"wp-block-heading\">Officials<\/h3>\n\n\n\n<p><strong>Database Manager<\/strong> Daniel Clegg<br><strong>Epoch Committee Chair<\/strong> Rainer Ruuskanen <em>Epoch(5)<\/em><br><strong>Epoch Committee Chair<\/strong> Pranava Varshan <em>Epoch(6)<\/em><br><strong>ETCo Representative<\/strong> Yelyzaveta Larkina<br><strong>Guild Photographer<\/strong> Janna Rantanen<br><strong>Head of Aesthetics<\/strong> Aaron Wallasvaara<br><strong>Head of IT<\/strong> Ilia Zalesskii<br><strong>Head Song Master<\/strong> Merlin Sauer<br><strong>Head of Study Marketing<\/strong> Lassi Malvikko<br><strong>Main Harassment Contact Person<\/strong> Katsuya Kurosawa<br><strong>Master of Merchandise<\/strong> Rajat Kaul<br><strong>Tutor Coordinator<\/strong> Ojaswi Tyagi<br><strong>Wellbeing Ambassador<\/strong> Duc Chu<\/p>\n\n\n\n<h3 class=\"wp-block-heading\">Committees<\/h3>\n\n\n\n<p><strong>Corporate Relations Committee\u00a0<\/strong>An Binh Bui (Chair), Pranava Varshan, Christian Guidikov, Aawes Akbar, Yelyzaveta Larkina, Ilia Zalesskii, Aleksis Naula<\/p>\n\n\n\n<p><strong>Culture Committee\u00a0<\/strong>Pranava Varshan (Chair), Vilt\u0117 Neverauskait\u0117, Ojaswi Tyagi, Anna Sihvonen, Christian Guidikov, Merlin Sauer, Anton Shumilin, Aawez Akbar, Yelyzaveta Larkina, Sandro Karhula, Ohto M\u00e4kinen, Marius Sclearuc, Janna Rantanen, Katsuya Kurosawa, Ilia Zalesskii<\/p>\n\n\n\n<p><strong>Epoch(5) Committee\u00a0<\/strong>Rainer Ruuskanen (Chair), Ojaswi Tyagi, Anna Sihvonen, Pranava Varshan, Daniel Clegg, Aleksi Alatalo, Christian Guidikov, Merlin Sauer, Anton Shumilin, Trang Nguyen, Aawez Akbar, Patrick Linnanen, Yelyzaveta Larkina, Ohto M\u00e4kinen, Janna Rantanen, Katsuya Kurosawa<\/p>\n\n\n\n<p><strong>Fuksi Committee\u00a0<\/strong>Tony Heinola (Chair, 1.5.2024-)<\/p>\n\n\n\n<p><strong>Guild Room Committee<\/strong>\u00a0Daniel Clegg (Chair), Aaron Wallasvaara, Ojaswi Tyagi, Pranava Varshan, Christian Guidikov, Merlin Sauer, Yelyzaveta Larkina, Lassi Malvikko<\/p>\n\n\n\n<p><strong>Harassment Contact Person Committee<\/strong>\u00a0Katsuya Kurosawa (Chair), Aaron Wallasvaara, Vilt\u0117 Neverauskait\u0117, Ojaswi Tyagi, Pranava Varshan, Daniel Clegg, Christian Guidikov, Merlin Sauer, Yelyzaveta Larkina<\/p>\n\n\n\n<p><strong>IE Committee\u00a0<\/strong>Selin Taskin (Chair), Katsuya Kurosawa (Chair), Ojaswi Tyagi, Pranava Varshan, Aleksi Aleksi, Christian Guidikov, Yelyzaveta Larkina, Arkar Nan Htike, Ohto M\u00e4kinen, Pham Quang Bach<\/p>\n\n\n\n<p><strong>IT Committee\u00a0<\/strong>Ilia Zalesskii (Chair), Wallasvaara Aaron, Ojaswi Tyagi, Pranava Varshan, Christian Guidikov, Merlin Sauer, Anton Shumilin, Trang Nguyen, Yelyzaveta Larkina, Barnik, Marius Sclearuc, Harsh Rathee, Aleksis Naula, Lassi Malvikko<\/p>\n\n\n\n<p><strong>Publicity Committee<\/strong>\u00a0Khanh Hoang (Chair), Janna Rantanen (Photographer), Aaron Wallasvaara (Head of Aesthetics), Ojaswi Tyagi, Pranava Varshan, Christian Guidikov, Merlin Sauer, Yelyzaveta Larkina<\/p>\n\n\n\n<p><strong>Song Master Committee<\/strong>\u00a0Merlin Sauer (Chair), Aaron Wallasvaara, Pranava Varshan, Aleksi Alatalo, Christian Guidikov, Merlin Sauer, Patrick Linnanen, Katsuya Kurosawa, Aleksis Naula<\/p>\n\n\n\n<p><strong>Study Committee<\/strong>\u00a0Fathima Afrooz (Chair), Lassi Malvikko (Head of Study Marketing), Ojaswi Tyagi, Pranava Varshan, Christian Guidikov, Daniil Parniukov, Trang Nguyen, Yelyzaveta Larkina, Barnik, Janna Rantanen<\/p>\n\n<\/div>\n\t\t<\/div>\n\n<div class=\"wp-block-ub-content-toggle-accordion\" style=\"border-color: var(--ast-global-color-6);\" id=\"ub-content-toggle-panel-block-\">\n\t\t\t<div class=\"wp-block-ub-content-toggle-accordion-title-wrap\" style=\"background-color: var(--ast-global-color-6);\" aria-controls=\"ub-content-toggle-panel-2-2494d9d3-2be9-46f7-a194-4b452ade60ec\" tabindex=\"0\">\n\t\t\t<h2 class=\"wp-block-ub-content-toggle-accordion-title ub-content-toggle-title-2494d9d3-2be9-46f7-a194-4b452ade60ec\" style=\"color: #f9f9f9; \">2023<\/h2>\n\t\t\t<div class=\"wp-block-ub-content-toggle-accordion-toggle-wrap right\" style=\"color: #f9f9f9;\"><span class=\"wp-block-ub-content-toggle-accordion-state-indicator wp-block-ub-math-plus\"><\/span><\/div>\n\t\t<\/div>\n\t\t\t<div role=\"region\" aria-expanded=\"false\" class=\"wp-block-ub-content-toggle-accordion-content-wrap ub-hide\" id=\"ub-content-toggle-panel-2-2494d9d3-2be9-46f7-a194-4b452ade60ec\">\n\n<h3 class=\"wp-block-heading\">Board<\/h3>\n\n\n\n<div class=\"wp-block-columns is-layout-flex wp-container-core-columns-is-layout-28f84493 wp-block-columns-is-layout-flex\">\n<div class=\"wp-block-column is-layout-flow wp-block-column-is-layout-flow\">\n<p><strong>Chair<\/strong> Daniel Clegg<br><strong>Vice Chair<\/strong> <strong>&amp; Treasurer<\/strong> Lassi Malvikko<br><strong>Secretary\u00a0<\/strong>Fathima Afrooz<br><strong>Publicist<\/strong> Selin Taskin<br><strong>Master of Corporate Relations<\/strong> Tony Heinola<\/p>\n<\/div>\n\n\n\n<div class=\"wp-block-column is-layout-flow wp-block-column-is-layout-flow\">\n<p><strong>Study Affairs Coordinator<\/strong> Bach Pham<br><strong>Fuksi Captain<\/strong> Pranava Varshan<br><strong>Is\u00e4nt\u00e4<\/strong> Ojaswi Tyagi<br><strong>Em\u00e4nt\u00e4<\/strong> Rajat Kaul<br><strong>Master of Culture<\/strong> Christian Guidikov<br><strong>Board Godparent<\/strong> Merlin Sauer<\/p>\n<\/div>\n<\/div>\n\n\n\n<h3 class=\"wp-block-heading\">Officials<\/h3>\n\n\n\n<p><strong>Guild Room Responsible\u00a0<\/strong>Rainer Ruuskanen<br><strong>Tutor Coordinator<\/strong> Christian Guidikov<br><strong>Head of IT<\/strong> Irmuun Tuguldur<br><strong>Epoch Committee Chair <\/strong>Rajat Kaul<br><strong>Main Harassment Contact Person (HCP)<\/strong> Aaron Wallasvaara<br><strong>Head Song Master<\/strong> Pranava Varshan<br><strong>TEK Contact Person<\/strong> Eero Liimatainen<br><strong>Head of Study Marketing<\/strong> Lassi Malvikko<\/p>\n\n\n\n<h3 class=\"wp-block-heading\">Committees<\/h3>\n\n\n\n<p><strong>Corporate Relations Committee<\/strong>\u00a0Tony Heinola (Chair), Rajat Kaul, Toivo Palm\u00e9n, Harsh Rathee, Pranava Varshan<\/p>\n\n\n\n<p><strong>Culture Committee<\/strong>\u00a0Christian Guidikov (Chair), Tony Heinola, Rajat Kaul, Nina Lindqvist, Merlin Sauer, Marius Sclearuc, Christian Guidikov, Pranava Varshan<\/p>\n\n\n\n<p><strong>Epoch Committee<\/strong>\u00a0Rajat Kaul (Chair), Tony Heinola, Satu Koitto, Nina Lindqvist, Lassi Malvikko, Toivo Palm\u00e9n, Rainer Ruuskanen, Marius Sclearuc, Aiswarya Sudhir, Ojaswi Tyagi, Aaron Wallasvaara<\/p>\n\n\n\n<p><strong>Fuksi Committee<\/strong>\u00a0Pranava Varshan (Chair), Rainer Ruuskanen (Fuksi Captain &#8217;22), Christian Guidikov, Meri Henell, Rajat Kaul, Satu Koitto, Nina Lindqvist, Lassi Malvikko, Rainer Ruuskanen, Merlin Sauer, Aiswarya Sudhir<\/p>\n\n\n\n<p><strong>Guild Room Committee<\/strong> Rainer Ruuskanen (Chair)<\/p>\n\n\n\n<p><strong>Harassment Contact Person Committee<\/strong> Aaron Wallasvaara (Chair), Christian Guidikov, Lassi Malvikko, Merlin Sauer, Pranava Varshan<\/p>\n\n\n\n<p><strong>IE Committee<\/strong>\u00a0Ojaswi Tyagi (Is\u00e4nt\u00e4), Rajat Kaul (Em\u00e4nt\u00e4), Egor Eremin, Rajat Kaul, Satu Koitto, Lassi Malvikko, Toivo Palm\u00e9n, Rainer Ruuskanen, Merlin Sauer, Aiswarya Sudhir, Pranava Varshan<\/p>\n\n\n\n<p><strong>IT Committee<\/strong>\u00a0Irmuun Tuguldur (Chair), Egor Eremin, Christian Guidikov, Rajat Kaul, Nina Lindqvist, Lassi Malvikko, Harsh Rathee, Merlin Sauer<\/p>\n\n\n\n<p><strong>Song Master Committee<\/strong> Pranava Varshan (Chair), Tony Heinola, Rajat Kaul, Ann-Marie Korhonen-Chamorro, Nina Lindqvist, Merlin Sauer, Aaron Wallasvaara<\/p>\n\n\n\n<p><strong>Study Marketing Committee<\/strong> Lassi Malvikko (Chair), Toivo Palm\u00e9n, Harsh Rathee, Rainer Ruuskanen<\/p>\n\n<\/div>\n\t\t<\/div>\n\n<div class=\"wp-block-ub-content-toggle-accordion\" style=\"border-color: var(--ast-global-color-6);\" id=\"ub-content-toggle-panel-block-\">\n\t\t\t<div class=\"wp-block-ub-content-toggle-accordion-title-wrap\" style=\"background-color: var(--ast-global-color-6);\" aria-controls=\"ub-content-toggle-panel-3-2494d9d3-2be9-46f7-a194-4b452ade60ec\" tabindex=\"0\">\n\t\t\t<h2 class=\"wp-block-ub-content-toggle-accordion-title ub-content-toggle-title-2494d9d3-2be9-46f7-a194-4b452ade60ec\" style=\"color: #f9f9f9; \">2022<\/h2>\n\t\t\t<div class=\"wp-block-ub-content-toggle-accordion-toggle-wrap right\" style=\"color: #f9f9f9;\"><span class=\"wp-block-ub-content-toggle-accordion-state-indicator wp-block-ub-math-plus\"><\/span><\/div>\n\t\t<\/div>\n\t\t\t<div role=\"region\" aria-expanded=\"false\" class=\"wp-block-ub-content-toggle-accordion-content-wrap ub-hide\" id=\"ub-content-toggle-panel-3-2494d9d3-2be9-46f7-a194-4b452ade60ec\">\n\n<h3 class=\"wp-block-heading\">Board<\/h3>\n\n\n\n<div class=\"wp-block-columns is-layout-flex wp-container-core-columns-is-layout-28f84493 wp-block-columns-is-layout-flex\">\n<div class=\"wp-block-column is-layout-flow wp-block-column-is-layout-flow\">\n<p><strong>Chair<\/strong> Lassi Malvikko<br><strong>Vice Chair<\/strong> <strong>&amp; Treasurer<\/strong> Rajat Kaul<br><strong>Secretary\u00a0<\/strong>Aaron Wallasvaara<br><strong>Publicist<\/strong> Hanne Sauer<br><strong>Master of Corporate Relations<\/strong> Pranava Varshan<br><strong>Study Affairs Coordinator<\/strong> Anthimos Stathakis<\/p>\n<\/div>\n\n\n\n<div class=\"wp-block-column is-layout-flow wp-block-column-is-layout-flow\">\n<p><strong>Fuksi Captain<\/strong> Rainer Ruuskanen<br><strong>Tutor Coordinator<\/strong> Aiswarya Sudhir<br><strong>Is\u00e4nt\u00e4<\/strong> Atreya Ray<br><strong>Em\u00e4nt\u00e4<\/strong> Long<br><strong>Master of Culture<\/strong> Ilia Zalesskii<\/p>\n<\/div>\n<\/div>\n\n\n\n<h3 class=\"wp-block-heading\">Officials<\/h3>\n\n\n\n<p><strong>Guild Room Responsible\u00a0<\/strong>Aiswarya Sudhir<br><strong>IT Admin<\/strong> Hanne Sauer<br><strong>Epoch Producer<\/strong> Emmi Kotilainen<br><strong>Code of Conduct Responsible<\/strong> Aaron Wallasvaara<br><strong>TEK Contact Person<\/strong> Eero Liimatainen<\/p>\n\n\n\n<h3 class=\"wp-block-heading\">Committees<\/h3>\n\n\n\n<p><strong>Culture Committee\u00a0<\/strong>Ilia Zalesskii (Chair), Mael Chauvet, Christian Guidikov, Rajat Kaul, Rainer Ruuskanen, Hanne Sauer, Pranava Varshan<\/p>\n\n\n\n<p><strong>Epoch Committee\u00a0<\/strong>Emmi Kotilainen (Chair), Anselmi Jokinen, Rajat Kaul, Lassi Malvikko, Trang Nguyen, Joonatan Partanen, Roope Ruusuvuori, Alena Shchevyeva, Ilmari Tarpila<\/p>\n\n\n\n<p><strong>Fuksi Committee\u00a0<\/strong>Rainer Ruuskanen (Chair), Rajat Kaul, Emmi Kotilainen, Aayush Kucheria, Lassi Malvikko, Long Nguyen, Trang Nguyen, Atreya Ray, Hanne Sauer, Alena Shchevyeva, Aiswarya Sudhir, Ilmari Tarpila<\/p>\n\n\n\n<p><strong>IE Committee\u00a0<\/strong>Atreya Ray (Chair), Long Nguyen (Chair), Rajat Kaul, Satu Koitto, Lassi Malvikko, Linh Ngo, Rainer Ruuskanen, Hanne Sauer, Aiswarya Sudhir, Selin Taskin<\/p>\n\n\n\n<p><strong>IT Committee\u00a0<\/strong>Hanne Sauer (Chair), Egor Eremin, Hansen Feng, Christian Guidikov, Rajat Kaul, Lassi Malvikko, Aiswarya Sudhir, Ilmari Tarpila, Behram Ulukir, Pranava Varshan, Aaron Wallasvaara, Taige Wang, Ilia Zalesskii<\/p>\n\n<\/div>\n\t\t<\/div>\n\n<div class=\"wp-block-ub-content-toggle-accordion\" style=\"border-color: var(--ast-global-color-6);\" id=\"ub-content-toggle-panel-block-\">\n\t\t\t<div class=\"wp-block-ub-content-toggle-accordion-title-wrap\" style=\"background-color: var(--ast-global-color-6);\" aria-controls=\"ub-content-toggle-panel-4-2494d9d3-2be9-46f7-a194-4b452ade60ec\" tabindex=\"0\">\n\t\t\t<h2 class=\"wp-block-ub-content-toggle-accordion-title ub-content-toggle-title-2494d9d3-2be9-46f7-a194-4b452ade60ec\" style=\"color: #f9f9f9; \">2021<\/h2>\n\t\t\t<div class=\"wp-block-ub-content-toggle-accordion-toggle-wrap right\" style=\"color: #f9f9f9;\"><span class=\"wp-block-ub-content-toggle-accordion-state-indicator wp-block-ub-math-plus\"><\/span><\/div>\n\t\t<\/div>\n\t\t\t<div role=\"region\" aria-expanded=\"false\" class=\"wp-block-ub-content-toggle-accordion-content-wrap ub-hide\" id=\"ub-content-toggle-panel-4-2494d9d3-2be9-46f7-a194-4b452ade60ec\">\n\n<h3 class=\"wp-block-heading\">Board<\/h3>\n\n\n\n<div class=\"wp-block-columns is-layout-flex wp-container-core-columns-is-layout-28f84493 wp-block-columns-is-layout-flex\">\n<div class=\"wp-block-column is-layout-flow wp-block-column-is-layout-flow\">\n<p><strong>Chair<\/strong> Anselmi Jokinen<br><strong>Vice Chair<\/strong> Atreya Ray<br><strong>Secretary\u00a0<\/strong>Lassi Malvikko<br><strong>Treasurer\u00a0<\/strong>Rajat Kaul<br><strong>Fuksi Captain<\/strong> Hanne Sauer<br><strong>Tutor Coordinator<\/strong> Rainer Ruuskanen<\/p>\n<\/div>\n\n\n\n<div class=\"wp-block-column is-layout-flow wp-block-column-is-layout-flow\">\n<p><strong>Study Affairs Coordinator\u00a0<\/strong>Long Nguyen<br><strong>Publicist<\/strong>\u00a0Emmi Kotilainen<br><strong>Is\u00e4nt\u00e4<\/strong> Alena Shchevyeva<br><strong>Em\u00e4nt\u00e4<\/strong> Joonatan Partanen<br><strong>Community Manager<\/strong> Bruce Nguyen<\/p>\n<\/div>\n<\/div>\n\n\n\n<h3 class=\"wp-block-heading\">Committees<\/h3>\n\n\n\n<p><strong>Corporate Relations Committee\u00a0<\/strong>Rajat Kaul (Chair)<br><strong>Entertainment Committee<\/strong> Bruce Nguyen (Chair)<br><strong>Epoch Committee<\/strong> Emmi Kotilainen (Chair)<br><strong>Fuksi Committee<\/strong> Hanne Sauer (Chair)<br><strong>IE Committee<\/strong> Alena Shchevyeva (Chair), Joonatan Partanen (Chair)<\/p>\n\n<\/div>\n\t\t<\/div>\n\n<div class=\"wp-block-ub-content-toggle-accordion\" style=\"border-color: var(--ast-global-color-6);\" id=\"ub-content-toggle-panel-block-\">\n\t\t\t<div class=\"wp-block-ub-content-toggle-accordion-title-wrap\" style=\"background-color: var(--ast-global-color-6);\" aria-controls=\"ub-content-toggle-panel-5-2494d9d3-2be9-46f7-a194-4b452ade60ec\" tabindex=\"0\">\n\t\t\t<h2 class=\"wp-block-ub-content-toggle-accordion-title ub-content-toggle-title-2494d9d3-2be9-46f7-a194-4b452ade60ec\" style=\"color: #f9f9f9; \">2020<\/h2>\n\t\t\t<div class=\"wp-block-ub-content-toggle-accordion-toggle-wrap right\" style=\"color: #f9f9f9;\"><span class=\"wp-block-ub-content-toggle-accordion-state-indicator wp-block-ub-math-plus\"><\/span><\/div>\n\t\t<\/div>\n\t\t\t<div role=\"region\" aria-expanded=\"false\" class=\"wp-block-ub-content-toggle-accordion-content-wrap ub-hide\" id=\"ub-content-toggle-panel-5-2494d9d3-2be9-46f7-a194-4b452ade60ec\">\n\n<h3 class=\"wp-block-heading\">Board<\/h3>\n\n\n\n<div class=\"wp-block-columns is-layout-flex wp-container-core-columns-is-layout-28f84493 wp-block-columns-is-layout-flex\">\n<div class=\"wp-block-column is-layout-flow wp-block-column-is-layout-flow\">\n<p><strong>Chairperson<\/strong> Emmi Kotilainen<br><strong>Secretary<\/strong>\u00a0Hanne Sauer<br><strong>Treasurer\u00a0<\/strong>Alena Shchevyeva<br><strong>Corporate and external affairs <\/strong>Anselmi Jokinen<br><strong>Study affairs coordinator <\/strong>Long Nguyen<\/p>\n<\/div>\n\n\n\n<div class=\"wp-block-column is-layout-flow wp-block-column-is-layout-flow\">\n<p><strong>Publicist <\/strong>Angeline Jayanegara<br><strong>Website responsible <\/strong>Roope Ruusuvuori<br><strong>Annual celebration responsible <\/strong>Ilmari Tarpila<br><strong>Is\u00e4nt\u00e4<\/strong> Huy Nguyen<br><strong>Em\u00e4nt\u00e4<\/strong> Trang Nguyen<\/p>\n<\/div>\n<\/div>\n\n<\/div>\n\t\t<\/div>\n\n<div class=\"wp-block-ub-content-toggle-accordion\" style=\"border-color: var(--ast-global-color-6);\" id=\"ub-content-toggle-panel-block-\">\n\t\t\t<div class=\"wp-block-ub-content-toggle-accordion-title-wrap\" style=\"background-color: var(--ast-global-color-6);\" aria-controls=\"ub-content-toggle-panel-6-2494d9d3-2be9-46f7-a194-4b452ade60ec\" tabindex=\"0\">\n\t\t\t<h2 class=\"wp-block-ub-content-toggle-accordion-title ub-content-toggle-title-2494d9d3-2be9-46f7-a194-4b452ade60ec\" style=\"color: #f9f9f9; \">2019<\/h2>\n\t\t\t<div class=\"wp-block-ub-content-toggle-accordion-toggle-wrap right\" style=\"color: #f9f9f9;\"><span class=\"wp-block-ub-content-toggle-accordion-state-indicator wp-block-ub-math-plus\"><\/span><\/div>\n\t\t<\/div>\n\t\t\t<div role=\"region\" aria-expanded=\"false\" class=\"wp-block-ub-content-toggle-accordion-content-wrap ub-hide\" id=\"ub-content-toggle-panel-6-2494d9d3-2be9-46f7-a194-4b452ade60ec\">\n\n<h3 class=\"wp-block-heading\">Board<\/h3>\n\n\n\n<div class=\"wp-block-columns is-layout-flex wp-container-core-columns-is-layout-28f84493 wp-block-columns-is-layout-flex\">\n<div class=\"wp-block-column is-layout-flow wp-block-column-is-layout-flow\">\n<p>Emmi Kotilainen (chairperson)<br>Ahmed Hewidy<br>Alena Shchevyeva<br>Thanh Huy Nguyen<br>Khoa Lai<\/p>\n<\/div>\n\n\n\n<div class=\"wp-block-column is-layout-flow wp-block-column-is-layout-flow\">\n<p>Khoa Nguyen<br>Phi Dang Hoang<br>Roope Ruusuvuori<br>Trang Nguyen<br>Taige Wang<\/p>\n<\/div>\n<\/div>\n\n<\/div>\n\t\t<\/div>\n<\/div>\n\n\n<p><br><\/p>\n","protected":false},"excerpt":{"rendered":"","protected":false},"author":2,"featured_media":0,"parent":0,"menu_order":0,"comment_status":"closed","ping_status":"closed","template":"","meta":{"ub_ctt_via":"","footnotes":""},"class_list":["post-903","page","type-page","status-publish","hentry"],"featured_image_src":null,"_links":{"self":[{"href":"https:\/\/dataguild.fi\/index.php\/wp-json\/wp\/v2\/pages\/903","targetHints":{"allow":["GET"]}}],"collection":[{"href":"https:\/\/dataguild.fi\/index.php\/wp-json\/wp\/v2\/pages"}],"about":[{"href":"https:\/\/dataguild.fi\/index.php\/wp-json\/wp\/v2\/types\/page"}],"author":[{"embeddable":true,"href":"https:\/\/dataguild.fi\/index.php\/wp-json\/wp\/v2\/users\/2"}],"replies":[{"embeddable":true,"href":"https:\/\/dataguild.fi\/index.php\/wp-json\/wp\/v2\/comments?post=903"}],"version-history":[{"count":9,"href":"https:\/\/dataguild.fi\/index.php\/wp-json\/wp\/v2\/pages\/903\/revisions"}],"predecessor-version":[{"id":3148,"href":"https:\/\/dataguild.fi\/index.php\/wp-json\/wp\/v2\/pages\/903\/revisions\/3148"}],"wp:attachment":[{"href":"https:\/\/dataguild.fi\/index.php\/wp-json\/wp\/v2\/media?parent=903"}],"curies":[{"name":"wp","href":"https:\/\/api.w.org\/{rel}","templated":true}]}}